{"id":10,"date":"2025-11-13T18:00:15","date_gmt":"2025-11-13T18:00:15","guid":{"rendered":"https:\/\/baryuri.rkinformatika.online\/?page_id=10"},"modified":"2025-11-17T10:00:08","modified_gmt":"2025-11-17T10:00:08","slug":"inicio","status":"publish","type":"page","link":"https:\/\/baryuri.com\/eu\/","title":{"rendered":"Hasiera"},"content":{"rendered":"<div data-elementor-type=\"wp-page\" data-elementor-id=\"10\" class=\"elementor elementor-10\" data-elementor-post-type=\"page\">\n\t\t\t\t<div class=\"elementor-element elementor-element-179c457 e-flex e-con-boxed e-con e-parent\" data-id=\"179c457\" data-element_type=\"container\" data-e-type=\"container\" data-settings=\"{&quot;background_background&quot;:&quot;classic&quot;}\">\n\t\t\t\t\t<div class=\"e-con-inner\">\n\t\t\t\t<div class=\"elementor-element elementor-element-b561b11 animated-slow elementor-invisible elementor-widget elementor-widget-heading\" data-id=\"b561b11\" data-element_type=\"widget\" data-e-type=\"widget\" data-settings=\"{&quot;_animation&quot;:&quot;slideInUp&quot;}\" data-widget_type=\"heading.default\">\n\t\t\t\t\t<h2 class=\"elementor-heading-title elementor-size-default\">70 urtetik gorako tradizioa eta zaporea plater bakoitzean.<\/h2>\t\t\t\t<\/div>\n\t\t\t\t\t<\/div>\n\t\t\t\t<\/div>\n\t\t<div class=\"elementor-element elementor-element-a59d1fa e-flex e-con-boxed elementor-invisible e-con e-parent\" data-id=\"a59d1fa\" data-element_type=\"container\" data-e-type=\"container\" data-settings=\"{&quot;animation&quot;:&quot;zoomIn&quot;}\">\n\t\t\t\t\t<div class=\"e-con-inner\">\n\t\t<div class=\"elementor-element elementor-element-8547e03 e-con-full e-flex e-con e-child\" data-id=\"8547e03\" data-element_type=\"container\" data-e-type=\"container\">\n\t\t\t\t<div class=\"elementor-element elementor-element-df3751f elementor-widget elementor-widget-heading\" data-id=\"df3751f\" data-element_type=\"widget\" data-e-type=\"widget\" data-widget_type=\"heading.default\">\n\t\t\t\t\t<h2 class=\"elementor-heading-title elementor-size-default\">Guri Buruz<\/h2>\t\t\t\t<\/div>\n\t\t\t\t<div class=\"elementor-element elementor-element-46d0283 elementor-widget elementor-widget-text-editor\" data-id=\"46d0283\" data-element_type=\"widget\" data-e-type=\"widget\" data-widget_type=\"text-editor.default\">\n\t\t\t\t\t\t\t\t\t<p>70 urte baino gehiagoko esperientzia duen taberna familiarra gara, ostalaritzan eta etxeko janaria eta benetakoa eskaintzen duena. Urteetan zehar, tradizioari eta gure bezeroekiko konpromisoari eutsi diegu, eta giro hurbila eta abegikorra sortu dugu.<\/p><p>Gure eskaintzak eguneko menu askotarikoa, patata tortilla klasikoak eta barraskiloetan dugun espezialitate ezaguna biltzen ditu, gastronomia onarekiko eta betiko zaporeekiko dugun pasioa islatzen duena.<\/p>\t\t\t\t\t\t\t\t<\/div>\n\t\t\t\t<\/div>\n\t\t<div class=\"elementor-element elementor-element-756173d e-con-full e-flex e-con e-child\" data-id=\"756173d\" data-element_type=\"container\" data-e-type=\"container\">\n\t\t\t\t<div class=\"elementor-element elementor-element-aeac973 elementor-widget elementor-widget-image\" data-id=\"aeac973\" data-element_type=\"widget\" data-e-type=\"widget\" data-widget_type=\"image.default\">\n\t\t\t\t\t\t\t\t\t\t\t\t\t\t\t<img fetchpriority=\"high\" decoding=\"async\" width=\"610\" height=\"445\" src=\"https:\/\/baryuri.com\/wp-content\/uploads\/2025\/11\/WhatsApp-Image-2025-11-15-at-17.43.49-1-e1763373420968.jpeg\" class=\"attachment-full size-full wp-image-242\" alt=\"\" srcset=\"https:\/\/baryuri.com\/wp-content\/uploads\/2025\/11\/WhatsApp-Image-2025-11-15-at-17.43.49-1-e1763373420968.jpeg 610w, https:\/\/baryuri.com\/wp-content\/uploads\/2025\/11\/WhatsApp-Image-2025-11-15-at-17.43.49-1-e1763373420968-300x219.jpeg 300w, https:\/\/baryuri.com\/wp-content\/uploads\/2025\/11\/WhatsApp-Image-2025-11-15-at-17.43.49-1-e1763373420968-16x12.jpeg 16w\" sizes=\"(max-width: 610px) 100vw, 610px\" \/>\t\t\t\t\t\t\t\t\t\t\t\t\t\t\t<\/div>\n\t\t\t\t<\/div>\n\t\t\t\t\t<\/div>\n\t\t\t\t<\/div>\n\t\t<div class=\"elementor-element elementor-element-5a3916d e-flex e-con-boxed e-con e-parent\" data-id=\"5a3916d\" data-element_type=\"container\" data-e-type=\"container\">\n\t\t\t\t\t<div class=\"e-con-inner\">\n\t\t\t\t<div class=\"elementor-element elementor-element-3a6d814 elementor-cta--skin-cover elementor-animated-content elementor-bg-transform elementor-bg-transform-zoom-in elementor-widget elementor-widget-call-to-action\" data-id=\"3a6d814\" data-element_type=\"widget\" data-e-type=\"widget\" data-widget_type=\"call-to-action.default\">\n\t\t\t\t\t\t\t<div class=\"elementor-cta\">\n\t\t\t\t\t<div class=\"elementor-cta__bg-wrapper\">\n\t\t\t\t<div class=\"elementor-cta__bg elementor-bg\" style=\"background-image: url(https:\/\/baryuri.com\/wp-content\/uploads\/2025\/11\/WhatsApp-Image-2025-11-15-at-17.43.49-e1763373388408.jpeg);\" role=\"img\" aria-label=\"\"><\/div>\n\t\t\t\t<div class=\"elementor-cta__bg-overlay\"><\/div>\n\t\t\t<\/div>\n\t\t\t\t\t\t\t<div class=\"elementor-cta__content\">\n\t\t\t\t\n\t\t\t\t\t\t\t\t\t<h2 class=\"elementor-cta__title elementor-cta__content-item elementor-content-item elementor-animated-item--grow\">\n\t\t\t\t\t\tZatoz eta ezagutu gure sukaldaritzaren tradizioa eta zaporea.\t\t\t\t\t<\/h2>\n\t\t\t\t\n\t\t\t\t\n\t\t\t\t\t\t\t\t\t<div class=\"elementor-cta__button-wrapper elementor-cta__content-item elementor-content-item elementor-animated-item--grow\">\n\t\t\t\t\t<a class=\"elementor-cta__button elementor-button elementor-size-\" href=\"https:\/\/baryuri.com\/eu\/servicios\/\">\n\t\t\t\t\t\tzerbitzuak\t\t\t\t\t<\/a>\n\t\t\t\t\t<\/div>\n\t\t\t\t\t\t\t<\/div>\n\t\t\t\t\t\t<\/div>\n\t\t\t\t\t\t<\/div>\n\t\t\t\t\t<\/div>\n\t\t\t\t<\/div>\n\t\t\t\t<\/div>","protected":false},"excerpt":{"rendered":"<p>M\u00e1s de 70 a\u00f1os de tradici\u00f3n y sabor en cada plato. Sobre nosotros Somos un bar familiar con m\u00e1s de 70 a\u00f1os de experiencia, dedicado a la hosteler\u00eda y a ofrecer comida casera y aut\u00e9ntica. A lo largo de los a\u00f1os, hemos mantenido la tradici\u00f3n y el compromiso con nuestros clientes, creando un ambiente cercano [&hellip;]<\/p>\n","protected":false},"author":1,"featured_media":0,"parent":0,"menu_order":0,"comment_status":"closed","ping_status":"closed","template":"elementor_canvas","meta":{"footnotes":""},"class_list":["post-10","page","type-page","status-publish","hentry"],"yoast_head":"<!-- This site is optimized with the Yoast SEO plugin v27.3 - https:\/\/yoast.com\/product\/yoast-seo-wordpress\/ -->\n<title>Inicio - baryuri<\/title>\n<meta name=\"robots\" content=\"index, follow, max-snippet:-1, max-image-preview:large, max-video-preview:-1\" \/>\n<link rel=\"canonical\" href=\"https:\/\/baryuri.com\/eu\/\" \/>\n<meta property=\"og:locale\" content=\"en_US\" \/>\n<meta property=\"og:type\" content=\"article\" \/>\n<meta property=\"og:title\" content=\"Inicio - baryuri\" \/>\n<meta property=\"og:description\" content=\"M\u00e1s de 70 a\u00f1os de tradici\u00f3n y sabor en cada plato. Sobre nosotros Somos un bar familiar con m\u00e1s de 70 a\u00f1os de experiencia, dedicado a la hosteler\u00eda y a ofrecer comida casera y aut\u00e9ntica. A lo largo de los a\u00f1os, hemos mantenido la tradici\u00f3n y el compromiso con nuestros clientes, creando un ambiente cercano [&hellip;]\" \/>\n<meta property=\"og:url\" content=\"https:\/\/baryuri.com\/eu\/\" \/>\n<meta property=\"og:site_name\" content=\"baryuri\" \/>\n<meta property=\"article:modified_time\" content=\"2025-11-17T10:00:08+00:00\" \/>\n<meta property=\"og:image\" content=\"https:\/\/baryuri.com\/wp-content\/uploads\/2025\/11\/WhatsApp-Image-2025-11-15-at-17.43.49-1-e1763373420968.jpeg\" \/>\n<meta name=\"twitter:card\" content=\"summary_large_image\" \/>\n<meta name=\"twitter:label1\" content=\"Est. reading time\" \/>\n\t<meta name=\"twitter:data1\" content=\"1 minutua\" \/>\n<script type=\"application\/ld+json\" class=\"yoast-schema-graph\">{\"@context\":\"https:\\\/\\\/schema.org\",\"@graph\":[{\"@type\":\"WebPage\",\"@id\":\"https:\\\/\\\/baryuri.com\\\/\",\"url\":\"https:\\\/\\\/baryuri.com\\\/\",\"name\":\"Inicio - baryuri\",\"isPartOf\":{\"@id\":\"https:\\\/\\\/baryuri.com\\\/#website\"},\"primaryImageOfPage\":{\"@id\":\"https:\\\/\\\/baryuri.com\\\/#primaryimage\"},\"image\":{\"@id\":\"https:\\\/\\\/baryuri.com\\\/#primaryimage\"},\"thumbnailUrl\":\"https:\\\/\\\/baryuri.com\\\/wp-content\\\/uploads\\\/2025\\\/11\\\/WhatsApp-Image-2025-11-15-at-17.43.49-1-e1763373420968.jpeg\",\"datePublished\":\"2025-11-13T18:00:15+00:00\",\"dateModified\":\"2025-11-17T10:00:08+00:00\",\"breadcrumb\":{\"@id\":\"https:\\\/\\\/baryuri.com\\\/#breadcrumb\"},\"inLanguage\":\"eu\",\"potentialAction\":[{\"@type\":\"ReadAction\",\"target\":[\"https:\\\/\\\/baryuri.com\\\/\"]}]},{\"@type\":\"ImageObject\",\"inLanguage\":\"eu\",\"@id\":\"https:\\\/\\\/baryuri.com\\\/#primaryimage\",\"url\":\"https:\\\/\\\/baryuri.com\\\/wp-content\\\/uploads\\\/2025\\\/11\\\/WhatsApp-Image-2025-11-15-at-17.43.49-1-e1763373420968.jpeg\",\"contentUrl\":\"https:\\\/\\\/baryuri.com\\\/wp-content\\\/uploads\\\/2025\\\/11\\\/WhatsApp-Image-2025-11-15-at-17.43.49-1-e1763373420968.jpeg\"},{\"@type\":\"BreadcrumbList\",\"@id\":\"https:\\\/\\\/baryuri.com\\\/#breadcrumb\",\"itemListElement\":[{\"@type\":\"ListItem\",\"position\":1,\"name\":\"Portada\",\"item\":\"https:\\\/\\\/baryuri.com\\\/\"},{\"@type\":\"ListItem\",\"position\":2,\"name\":\"Inicio\"}]},{\"@type\":\"WebSite\",\"@id\":\"https:\\\/\\\/baryuri.com\\\/#website\",\"url\":\"https:\\\/\\\/baryuri.com\\\/\",\"name\":\"baryuri\",\"description\":\"\",\"publisher\":{\"@id\":\"https:\\\/\\\/baryuri.com\\\/#organization\"},\"potentialAction\":[{\"@type\":\"SearchAction\",\"target\":{\"@type\":\"EntryPoint\",\"urlTemplate\":\"https:\\\/\\\/baryuri.com\\\/?s={search_term_string}\"},\"query-input\":{\"@type\":\"PropertyValueSpecification\",\"valueRequired\":true,\"valueName\":\"search_term_string\"}}],\"inLanguage\":\"eu\"},{\"@type\":\"Organization\",\"@id\":\"https:\\\/\\\/baryuri.com\\\/#organization\",\"name\":\"baryuri\",\"url\":\"https:\\\/\\\/baryuri.com\\\/\",\"logo\":{\"@type\":\"ImageObject\",\"inLanguage\":\"eu\",\"@id\":\"https:\\\/\\\/baryuri.com\\\/#\\\/schema\\\/logo\\\/image\\\/\",\"url\":\"https:\\\/\\\/baryuri.com\\\/wp-content\\\/uploads\\\/2025\\\/11\\\/cropped-Diseno-sin-titulo-2-e1763128189752.png\",\"contentUrl\":\"https:\\\/\\\/baryuri.com\\\/wp-content\\\/uploads\\\/2025\\\/11\\\/cropped-Diseno-sin-titulo-2-e1763128189752.png\",\"width\":828,\"height\":417,\"caption\":\"baryuri\"},\"image\":{\"@id\":\"https:\\\/\\\/baryuri.com\\\/#\\\/schema\\\/logo\\\/image\\\/\"}}]}<\/script>\n<!-- \/ Yoast SEO plugin. -->","yoast_head_json":{"title":"Inicio - baryuri","robots":{"index":"index","follow":"follow","max-snippet":"max-snippet:-1","max-image-preview":"max-image-preview:large","max-video-preview":"max-video-preview:-1"},"canonical":"https:\/\/baryuri.com\/eu\/","og_locale":"en_US","og_type":"article","og_title":"Inicio - baryuri","og_description":"M\u00e1s de 70 a\u00f1os de tradici\u00f3n y sabor en cada plato. Sobre nosotros Somos un bar familiar con m\u00e1s de 70 a\u00f1os de experiencia, dedicado a la hosteler\u00eda y a ofrecer comida casera y aut\u00e9ntica. A lo largo de los a\u00f1os, hemos mantenido la tradici\u00f3n y el compromiso con nuestros clientes, creando un ambiente cercano [&hellip;]","og_url":"https:\/\/baryuri.com\/eu\/","og_site_name":"baryuri","article_modified_time":"2025-11-17T10:00:08+00:00","og_image":[{"url":"https:\/\/baryuri.com\/wp-content\/uploads\/2025\/11\/WhatsApp-Image-2025-11-15-at-17.43.49-1-e1763373420968.jpeg","type":"","width":"","height":""}],"twitter_card":"summary_large_image","twitter_misc":{"Est. reading time":"1 minutua"},"schema":{"@context":"https:\/\/schema.org","@graph":[{"@type":"WebPage","@id":"https:\/\/baryuri.com\/","url":"https:\/\/baryuri.com\/","name":"Inicio - baryuri","isPartOf":{"@id":"https:\/\/baryuri.com\/#website"},"primaryImageOfPage":{"@id":"https:\/\/baryuri.com\/#primaryimage"},"image":{"@id":"https:\/\/baryuri.com\/#primaryimage"},"thumbnailUrl":"https:\/\/baryuri.com\/wp-content\/uploads\/2025\/11\/WhatsApp-Image-2025-11-15-at-17.43.49-1-e1763373420968.jpeg","datePublished":"2025-11-13T18:00:15+00:00","dateModified":"2025-11-17T10:00:08+00:00","breadcrumb":{"@id":"https:\/\/baryuri.com\/#breadcrumb"},"inLanguage":"eu","potentialAction":[{"@type":"ReadAction","target":["https:\/\/baryuri.com\/"]}]},{"@type":"ImageObject","inLanguage":"eu","@id":"https:\/\/baryuri.com\/#primaryimage","url":"https:\/\/baryuri.com\/wp-content\/uploads\/2025\/11\/WhatsApp-Image-2025-11-15-at-17.43.49-1-e1763373420968.jpeg","contentUrl":"https:\/\/baryuri.com\/wp-content\/uploads\/2025\/11\/WhatsApp-Image-2025-11-15-at-17.43.49-1-e1763373420968.jpeg"},{"@type":"BreadcrumbList","@id":"https:\/\/baryuri.com\/#breadcrumb","itemListElement":[{"@type":"ListItem","position":1,"name":"Portada","item":"https:\/\/baryuri.com\/"},{"@type":"ListItem","position":2,"name":"Inicio"}]},{"@type":"WebSite","@id":"https:\/\/baryuri.com\/#website","url":"https:\/\/baryuri.com\/","name":"baryuri","description":"","publisher":{"@id":"https:\/\/baryuri.com\/#organization"},"potentialAction":[{"@type":"SearchAction","target":{"@type":"EntryPoint","urlTemplate":"https:\/\/baryuri.com\/?s={search_term_string}"},"query-input":{"@type":"PropertyValueSpecification","valueRequired":true,"valueName":"search_term_string"}}],"inLanguage":"eu"},{"@type":"Organization","@id":"https:\/\/baryuri.com\/#organization","name":"baryuri","url":"https:\/\/baryuri.com\/","logo":{"@type":"ImageObject","inLanguage":"eu","@id":"https:\/\/baryuri.com\/#\/schema\/logo\/image\/","url":"https:\/\/baryuri.com\/wp-content\/uploads\/2025\/11\/cropped-Diseno-sin-titulo-2-e1763128189752.png","contentUrl":"https:\/\/baryuri.com\/wp-content\/uploads\/2025\/11\/cropped-Diseno-sin-titulo-2-e1763128189752.png","width":828,"height":417,"caption":"baryuri"},"image":{"@id":"https:\/\/baryuri.com\/#\/schema\/logo\/image\/"}}]}},"_links":{"self":[{"href":"https:\/\/baryuri.com\/eu\/wp-json\/wp\/v2\/pages\/10","targetHints":{"allow":["GET"]}}],"collection":[{"href":"https:\/\/baryuri.com\/eu\/wp-json\/wp\/v2\/pages"}],"about":[{"href":"https:\/\/baryuri.com\/eu\/wp-json\/wp\/v2\/types\/page"}],"author":[{"embeddable":true,"href":"https:\/\/baryuri.com\/eu\/wp-json\/wp\/v2\/users\/1"}],"replies":[{"embeddable":true,"href":"https:\/\/baryuri.com\/eu\/wp-json\/wp\/v2\/comments?post=10"}],"version-history":[{"count":25,"href":"https:\/\/baryuri.com\/eu\/wp-json\/wp\/v2\/pages\/10\/revisions"}],"predecessor-version":[{"id":254,"href":"https:\/\/baryuri.com\/eu\/wp-json\/wp\/v2\/pages\/10\/revisions\/254"}],"wp:attachment":[{"href":"https:\/\/baryuri.com\/eu\/wp-json\/wp\/v2\/media?parent=10"}],"curies":[{"name":"wp","href":"https:\/\/api.w.org\/{rel}","templated":true}]}}